{"id":94,"date":"2024-07-08T11:14:04","date_gmt":"2024-07-08T11:14:04","guid":{"rendered":"https:\/\/www.yaacovafik.com\/anasayfa\/"},"modified":"2024-07-09T09:49:26","modified_gmt":"2024-07-09T09:49:26","slug":"anasayfa","status":"publish","type":"page","link":"https:\/\/www.yaacovafik.com\/tr\/","title":{"rendered":"Anasayfa"},"content":{"rendered":"<p>[et_pb_section fb_built=&#8221;1&#8243; _builder_version=&#8221;4.21.0&#8243; _module_preset=&#8221;default&#8221; background_color=&#8221;#162340&#8243; custom_padding=&#8221;100px||100px||false|false&#8221; global_colors_info=&#8221;{}&#8221;][et_pb_row column_structure=&#8221;3_5,2_5&#8243; _builder_version=&#8221;4.21.0&#8243; _module_preset=&#8221;default&#8221; global_colors_info=&#8221;{}&#8221;][et_pb_column type=&#8221;3_5&#8243; _builder_version=&#8221;4.21.0&#8243; _module_preset=&#8221;default&#8221; global_colors_info=&#8221;{}&#8221;][et_pb_text _builder_version=&#8221;4.21.0&#8243; _module_preset=&#8221;default&#8221; global_colors_info=&#8221;{}&#8221;]<\/p>\n<h1>Yaacov Afik<\/h1>\n<p>[\/et_pb_text][et_pb_text _builder_version=&#8221;4.21.0&#8243; _module_preset=&#8221;default&#8221; global_colors_info=&#8221;{}&#8221;]<\/p>\n<p>Bu blog, gayrimenkul ve sa\u011fl\u0131kl\u0131 ya\u015fam teknolojisi projeleri arac\u0131l\u0131\u011f\u0131yla toplumu zenginle\u015ftirmeye ve insanlar\u0131n ya\u015fam kalitesini art\u0131rmaya kendini adam\u0131\u015f gayrimenkul giri\u015fimcisi Yaacov Afik&#8217;in blogudur. Bu blog, so\u011fuk su terapisi, HYGEAR \u00fcr\u00fcnleri, Brezilya jiu-jitsu ve meditasyonun faydalar\u0131 gibi bir dizi konuyu kapsayan Bay Afik&#8217;in profesyonel ya\u015fam\u0131n\u0131n ve ki\u015fisel ilgi alanlar\u0131n\u0131n \u00e7e\u015fitli y\u00f6nlerini ke\u015ffedecektir. <\/p>\n<p>[\/et_pb_text][et_pb_button button_url=&#8221;#coldwatertherapy&#8221; button_text=&#8221;So\u011fuk su terapisi&#8221; _builder_version=&#8221;4.26.0&#8243; _module_preset=&#8221;default&#8221; hover_enabled=&#8221;0&#8243; global_colors_info=&#8221;{}&#8221; sticky_enabled=&#8221;0&#8243;][\/et_pb_button][\/et_pb_column][et_pb_column type=&#8221;2_5&#8243; _builder_version=&#8221;4.21.0&#8243; _module_preset=&#8221;default&#8221; global_colors_info=&#8221;{}&#8221;][et_pb_image src=&#8221;https:\/\/www.yaacovafik.com\/wp-content\/uploads\/2024\/07\/Yaacov-Afik-Logo-White.png&#8221; alt=&#8221;Yaacov Afik&#8221; _builder_version=&#8221;4.21.0&#8243; _module_preset=&#8221;default&#8221; global_colors_info=&#8221;{}&#8221;][\/et_pb_image][\/et_pb_column][\/et_pb_row][\/et_pb_section][et_pb_section fb_built=&#8221;1&#8243; _builder_version=&#8221;4.21.0&#8243; _module_preset=&#8221;default&#8221; background_enable_color=&#8221;off&#8221; custom_padding=&#8221;100px||100px||false|false&#8221; global_colors_info=&#8221;{}&#8221;][et_pb_row column_structure=&#8221;3_5,2_5&#8243; _builder_version=&#8221;4.21.0&#8243; _module_preset=&#8221;default&#8221; global_colors_info=&#8221;{}&#8221;][et_pb_column type=&#8221;3_5&#8243; _builder_version=&#8221;4.21.0&#8243; _module_preset=&#8221;default&#8221; global_colors_info=&#8221;{}&#8221;][et_pb_text module_id=&#8221;coldwatertherapy&#8221; _builder_version=&#8221;4.21.0&#8243; _module_preset=&#8221;default&#8221; header_text_color=&#8221;#162340&#8243; global_colors_info=&#8221;{}&#8221;]<\/p>\n<h1>So\u011fuk su terapisi<\/h1>\n<p>[\/et_pb_text][et_pb_text _builder_version=&#8221;4.21.0&#8243; _module_preset=&#8221;default&#8221; text_text_color=&#8221;#162340&#8243; global_colors_info=&#8221;{}&#8221;]<\/p>\n<p>So\u011fuk su terapisi tipik olarak buz banyosu yapmay\u0131, havuza girmeyi veya di\u011fer so\u011fuk suya dald\u0131rma \u015fekillerini i\u00e7erir. V\u00fccut (ba\u015f de\u011fil), egzersizin ard\u0131ndan belirli bir s\u00fcre boyunca belirli bir s\u0131cakl\u0131kta olan so\u011fuk suya dald\u0131r\u0131l\u0131r. So\u011fuk su terapisinin a\u011fr\u0131 kesici, iltihaplanmay\u0131 azalt\u0131c\u0131 ve vazokonstriksiyon gibi \u00e7e\u015fitli faydalar\u0131 vard\u0131r. Sonuncusu, kan damarlar\u0131n\u0131n daralmas\u0131d\u0131r, bu da egzersiz sonucunda hasar g\u00f6ren veya iltihaplanan kaslara kan ak\u0131\u015f\u0131n\u0131 azalt\u0131r.   <\/p>\n<p>[\/et_pb_text][et_pb_button button_url=&#8221;#hygear&#8221; button_text=&#8221;HYGEAR&#8221; _builder_version=&#8221;4.21.0&#8243; _module_preset=&#8221;default&#8221; global_colors_info=&#8221;{}&#8221;][\/et_pb_button][\/et_pb_column][et_pb_column type=&#8221;2_5&#8243; _builder_version=&#8221;4.21.0&#8243; _module_preset=&#8221;default&#8221; global_colors_info=&#8221;{}&#8221;][et_pb_image src=&#8221;https:\/\/www.yaacovafik.com\/wp-content\/uploads\/2024\/07\/Yaacov-Afik-Cold-Water-Therapy.jpg&#8221; alt=&#8221;Yaacov Afik&#8221; _builder_version=&#8221;4.21.0&#8243; _module_preset=&#8221;default&#8221; global_colors_info=&#8221;{}&#8221;][\/et_pb_image][\/et_pb_column][\/et_pb_row][\/et_pb_section][et_pb_section fb_built=&#8221;1&#8243; _builder_version=&#8221;4.21.0&#8243; _module_preset=&#8221;default&#8221; background_color=&#8221;#162340&#8243; custom_padding=&#8221;100px||100px||false|false&#8221; global_colors_info=&#8221;{}&#8221;][et_pb_row column_structure=&#8221;1_2,1_2&#8243; _builder_version=&#8221;4.26.0&#8243; _module_preset=&#8221;default&#8221; global_colors_info=&#8221;{}&#8221;][et_pb_column type=&#8221;1_2&#8243; _builder_version=&#8221;4.21.0&#8243; _module_preset=&#8221;default&#8221; global_colors_info=&#8221;{}&#8221;][et_pb_text module_id=&#8221;hygear&#8221; _builder_version=&#8221;4.21.0&#8243; _module_preset=&#8221;default&#8221; global_colors_info=&#8221;{}&#8221;]<\/p>\n<h1>HYGEAR<\/h1>\n<p>[\/et_pb_text][\/et_pb_column][et_pb_column type=&#8221;1_2&#8243; _builder_version=&#8221;4.21.0&#8243; _module_preset=&#8221;default&#8221; global_colors_info=&#8221;{}&#8221;][\/et_pb_column][\/et_pb_row][et_pb_row column_structure=&#8221;1_2,1_2&#8243; _builder_version=&#8221;4.26.0&#8243; _module_preset=&#8221;default&#8221; global_colors_info=&#8221;{}&#8221;][et_pb_column type=&#8221;1_2&#8243; _builder_version=&#8221;4.21.0&#8243; _module_preset=&#8221;default&#8221; global_colors_info=&#8221;{}&#8221;][et_pb_text _builder_version=&#8221;4.21.0&#8243; _module_preset=&#8221;default&#8221; global_colors_info=&#8221;{}&#8221;]<\/p>\n<p>HYGEAR \u00fcr\u00fcnleri, ak\u0131ll\u0131 teknolojiyi herkes i\u00e7in eri\u015filebilir k\u0131lmak \u00fczere tasarlanm\u0131\u015ft\u0131r. \u015eirket, herkesin sa\u011fl\u0131k yolculu\u011funun ve fitness hedeflerinin benzersiz oldu\u011funu ve s\u00fcrekli geli\u015fti\u011fini biliyor. Bunu ak\u0131lda tutarak, HYGEAR \u00fcr\u00fcnleri bu de\u011fi\u015fen ihtiya\u00e7lar\u0131 kar\u015f\u0131lamay\u0131 ama\u00e7lamaktad\u0131r ve fitness&#8217;a yeni ba\u015flayanlardan uzun s\u00fcreli sa\u011fl\u0131k merakl\u0131lar\u0131na kadar herkes i\u00e7in uygundur.  <\/p>\n<p>[\/et_pb_text][et_pb_button button_url=&#8221;#brazilian-jiu-jitsu&#8221; button_text=&#8221;Brezilya jiu-jitsu&#8221; _builder_version=&#8221;4.26.0&#8243; _module_preset=&#8221;default&#8221; hover_enabled=&#8221;0&#8243; global_colors_info=&#8221;{}&#8221; sticky_enabled=&#8221;0&#8243;][\/et_pb_button][\/et_pb_column][et_pb_column type=&#8221;1_2&#8243; _builder_version=&#8221;4.21.0&#8243; _module_preset=&#8221;default&#8221; global_colors_info=&#8221;{}&#8221;][et_pb_image src=&#8221;https:\/\/www.yaacovafik.com\/wp-content\/uploads\/2024\/07\/hygear-logo-white.png&#8221; alt=&#8221;Yaacov Afik HYGEAR&#8221; align=&#8221;center&#8221; _builder_version=&#8221;4.26.0&#8243; _module_preset=&#8221;default&#8221; global_colors_info=&#8221;{}&#8221;][\/et_pb_image][\/et_pb_column][\/et_pb_row][\/et_pb_section][et_pb_section fb_built=&#8221;1&#8243; _builder_version=&#8221;4.21.0&#8243; _module_preset=&#8221;default&#8221; background_enable_color=&#8221;off&#8221; custom_padding=&#8221;100px||100px||false|false&#8221; global_colors_info=&#8221;{}&#8221;][et_pb_row column_structure=&#8221;3_5,2_5&#8243; _builder_version=&#8221;4.21.0&#8243; _module_preset=&#8221;default&#8221; global_colors_info=&#8221;{}&#8221;][et_pb_column type=&#8221;3_5&#8243; _builder_version=&#8221;4.21.0&#8243; _module_preset=&#8221;default&#8221; global_colors_info=&#8221;{}&#8221;][et_pb_text module_id=&#8221;brazilian-jiu-jitsu&#8221; _builder_version=&#8221;4.26.0&#8243; _module_preset=&#8221;default&#8221; header_text_color=&#8221;#162340&#8243; hover_enabled=&#8221;0&#8243; global_colors_info=&#8221;{}&#8221; sticky_enabled=&#8221;0&#8243;]<\/p>\n<h1>Brezilya jiu-jitsu<\/h1>\n<p>[\/et_pb_text][et_pb_text _builder_version=&#8221;4.21.0&#8243; _module_preset=&#8221;default&#8221; text_text_color=&#8221;#162340&#8243; global_colors_info=&#8221;{}&#8221;]<\/p>\n<p>Bay Afik, yer d\u00f6v\u00fc\u015f\u00fc, bo\u011fu\u015fma ve teslimiyet tutu\u015flar\u0131na dayanan bir d\u00f6v\u00fc\u015f sporu ve kendini savunma d\u00f6v\u00fc\u015f sanat\u0131 olan Brezilya jiu-jitsu&#8217;nun d\u00fczenli bir uygulay\u0131c\u0131s\u0131d\u0131r. Bu spor, kat\u0131l\u0131mc\u0131lar\u0131n bask\u0131n bir pozisyon elde etmeye \u00e7al\u0131\u015fmadan \u00f6nce rakibini yere indirmesine ve onu boyun e\u011fmeye zorlamak i\u00e7in \u00e7e\u015fitli teknikler kullanmas\u0131na odaklanmaktad\u0131r. Bu tekniklere \u00f6rnek olarak chokehold, eklem kilitleri ve s\u0131k\u0131\u015ft\u0131rma kilitleri verilebilir. Brazilian jiu-jitsu&#8217;nun temel konsepti, daha zay\u0131f, daha k\u00fc\u00e7\u00fck bir kat\u0131l\u0131mc\u0131n\u0131n a\u011f\u0131rl\u0131k da\u011f\u0131l\u0131m\u0131 ve kald\u0131ra\u00e7 kullanarak daha g\u00fc\u00e7l\u00fc, daha a\u011f\u0131r ve daha b\u00fcy\u00fck bir rakibe kar\u015f\u0131 kendilerini ba\u015far\u0131l\u0131 bir \u015fekilde savunabilmesidir ve e\u011fitim, spor bo\u011fu\u015fma ve kendini savunma senaryolar\u0131nda kullan\u0131labilir.   <\/p>\n<p>[\/et_pb_text][et_pb_button button_url=&#8221;#meditation&#8221; button_text=&#8221;Meditasyon&#8221; _builder_version=&#8221;4.26.0&#8243; _module_preset=&#8221;default&#8221; hover_enabled=&#8221;0&#8243; global_colors_info=&#8221;{}&#8221; sticky_enabled=&#8221;0&#8243;][\/et_pb_button][\/et_pb_column][et_pb_column type=&#8221;2_5&#8243; _builder_version=&#8221;4.21.0&#8243; _module_preset=&#8221;default&#8221; global_colors_info=&#8221;{}&#8221;][et_pb_image src=&#8221;https:\/\/www.yaacovafik.com\/wp-content\/uploads\/2024\/07\/Yaacov-Afik-Brazilian-Jiu-Jitsu.jpg&#8221; alt=&#8221;Yaacov Afik&#8221; _builder_version=&#8221;4.21.0&#8243; _module_preset=&#8221;default&#8221; global_colors_info=&#8221;{}&#8221;][\/et_pb_image][\/et_pb_column][\/et_pb_row][\/et_pb_section][et_pb_section fb_built=&#8221;1&#8243; _builder_version=&#8221;4.26.0&#8243; _module_preset=&#8221;default&#8221; background_color=&#8221;#162340&#8243; custom_padding=&#8221;100px||100px||false|false&#8221; global_colors_info=&#8221;{}&#8221;][et_pb_row column_structure=&#8221;3_5,2_5&#8243; _builder_version=&#8221;4.26.0&#8243; _module_preset=&#8221;default&#8221; global_colors_info=&#8221;{}&#8221;][et_pb_column type=&#8221;3_5&#8243; _builder_version=&#8221;4.21.0&#8243; _module_preset=&#8221;default&#8221; global_colors_info=&#8221;{}&#8221;][et_pb_text module_id=&#8221;meditation&#8221; _builder_version=&#8221;4.26.0&#8243; _module_preset=&#8221;default&#8221; hover_enabled=&#8221;0&#8243; global_colors_info=&#8221;{}&#8221; sticky_enabled=&#8221;0&#8243;]<\/p>\n<h1>Meditasyon<\/h1>\n<p>[\/et_pb_text][et_pb_text _builder_version=&#8221;4.21.0&#8243; _module_preset=&#8221;default&#8221; global_colors_info=&#8221;{}&#8221;]<\/p>\n<p>Meditasyon, Bay Afik&#8217;in de g\u00fcnl\u00fck rutininin bir par\u00e7as\u0131 olarak uygulad\u0131\u011f\u0131 bir etkinliktir. Meditasyonun bir\u00e7ok faydas\u0131ndan biri de beyin \u00fczerindeki olumlu etkisidir; ara\u015ft\u0131rmalar meditasyonun uygulay\u0131c\u0131n\u0131n gri maddesini bile de\u011fi\u015ftirebilece\u011fini g\u00f6stermektedir. D\u00fczenli olarak meditasyon yapmak, ya\u015flanan beyinlerin korunmas\u0131na yard\u0131mc\u0131 olabilir ve beynin kendine at\u0131fta bulunan d\u00fc\u015f\u00fcncelerden ve zihinde dola\u015fmaktan sorumlu b\u00f6lgesindeki aktiviteyi azaltabilir. Ruminasyonun azalt\u0131lmas\u0131na yard\u0131mc\u0131 olarak, bu durum sakinle\u015ftirici, sakinle\u015ftirici bir etkiye sahip olabilir. Meditasyon ayr\u0131ca depresyon ve anksiyetenin etkilerine kar\u015f\u0131 koymada olduk\u00e7a etkili olabilir ve hatta sosyal anksiyeteden muzdarip olanlar i\u00e7in rahatlama sa\u011flayabilir.    <\/p>\n<p>[\/et_pb_text][et_pb_button button_text=&#8221;Hakkinda Yaacov Afik&#8221; _builder_version=&#8221;4.26.0&#8243; _module_preset=&#8221;default&#8221; hover_enabled=&#8221;0&#8243; global_colors_info=&#8221;{}&#8221; sticky_enabled=&#8221;0&#8243;][\/et_pb_button][\/et_pb_column][et_pb_column type=&#8221;2_5&#8243; _builder_version=&#8221;4.21.0&#8243; _module_preset=&#8221;default&#8221; global_colors_info=&#8221;{}&#8221;][et_pb_image src=&#8221;https:\/\/www.yaacovafik.com\/wp-content\/uploads\/2024\/07\/Yaacov-Afik-Meditation.jpg&#8221; alt=&#8221;Yaacov Afik&#8221; _builder_version=&#8221;4.26.0&#8243; _module_preset=&#8221;default&#8221; global_colors_info=&#8221;{}&#8221;][\/et_pb_image][\/et_pb_column][\/et_pb_row][\/et_pb_section]<\/p>\n","protected":false},"excerpt":{"rendered":"<p>Yaacov AfikBu blog, gayrimenkul ve sa\u011fl\u0131kl\u0131 ya\u015fam teknolojisi projeleri arac\u0131l\u0131\u011f\u0131yla toplumu zenginle\u015ftirmeye ve insanlar\u0131n ya\u015fam kalitesini art\u0131rmaya kendini adam\u0131\u015f gayrimenkul giri\u015fimcisi Yaacov Afik&#8217;in blogudur. Bu blog, so\u011fuk su terapisi, HYGEAR \u00fcr\u00fcnleri, Brezilya jiu-jitsu ve meditasyonun faydalar\u0131 gibi bir dizi konuyu kapsayan Bay Afik&#8217;in profesyonel ya\u015fam\u0131n\u0131n ve ki\u015fisel ilgi alanlar\u0131n\u0131n \u00e7e\u015fitli y\u00f6nlerini ke\u015ffedecektir. So\u011fuk su terapisiSo\u011fuk [&hellip;]<\/p>\n","protected":false},"author":1,"featured_media":0,"parent":0,"menu_order":0,"comment_status":"closed","ping_status":"closed","template":"","meta":{"_et_pb_use_builder":"on","_et_pb_old_content":"","_et_gb_content_width":"","footnotes":""},"class_list":["post-94","page","type-page","status-publish","hentry"],"yoast_head":"<!-- This site is optimized with the Yoast SEO plugin v23.2 - https:\/\/yoast.com\/wordpress\/plugins\/seo\/ -->\n<title>Anasayfa - Yaacov Afik<\/title>\n<meta name=\"description\" content=\"Bu blog, gayrimenkul ve sa\u011fl\u0131kl\u0131 ya\u015fam teknolojisi projeleri arac\u0131l\u0131\u011f\u0131yla toplumu zenginle\u015ftirmeye ve insanlar\u0131n ya\u015fam kalitesini art\u0131rmaya kendini adam\u0131\u015f gayrimenkul giri\u015fimcisi Yaacov Afik&#039;in blogudur. Bu blog, so\u011fuk su terapisi, HYGEAR \u00fcr\u00fcnleri, Brezilya jiu-jitsu ve meditasyonun faydalar\u0131 gibi bir dizi konuyu kapsayan Bay Afik&#039;in profesyonel ya\u015fam\u0131n\u0131n ve ki\u015fisel ilgi alanlar\u0131n\u0131n \u00e7e\u015fitli y\u00f6nlerini ke\u015ffedecektir.\" \/>\n<meta name=\"robots\" content=\"index, follow, max-snippet:-1, max-image-preview:large, max-video-preview:-1\" \/>\n<link rel=\"canonical\" href=\"https:\/\/www.yaacovafik.com\/\" \/>\n<meta property=\"og:locale\" content=\"tr_TR\" \/>\n<meta property=\"og:type\" content=\"article\" \/>\n<meta property=\"og:title\" content=\"Anasayfa - Yaacov Afik\" \/>\n<meta property=\"og:description\" content=\"Bu blog, gayrimenkul ve sa\u011fl\u0131kl\u0131 ya\u015fam teknolojisi projeleri arac\u0131l\u0131\u011f\u0131yla toplumu zenginle\u015ftirmeye ve insanlar\u0131n ya\u015fam kalitesini art\u0131rmaya kendini adam\u0131\u015f gayrimenkul giri\u015fimcisi Yaacov Afik&#039;in blogudur. Bu blog, so\u011fuk su terapisi, HYGEAR \u00fcr\u00fcnleri, Brezilya jiu-jitsu ve meditasyonun faydalar\u0131 gibi bir dizi konuyu kapsayan Bay Afik&#039;in profesyonel ya\u015fam\u0131n\u0131n ve ki\u015fisel ilgi alanlar\u0131n\u0131n \u00e7e\u015fitli y\u00f6nlerini ke\u015ffedecektir.\" \/>\n<meta property=\"og:url\" content=\"https:\/\/www.yaacovafik.com\/\" \/>\n<meta property=\"og:site_name\" content=\"Yaacov Afik\" \/>\n<meta property=\"article:modified_time\" content=\"2024-07-09T09:49:26+00:00\" \/>\n<meta name=\"twitter:card\" content=\"summary_large_image\" \/>\n<meta name=\"twitter:label1\" content=\"Tahmini okuma s\u00fcresi\" \/>\n\t<meta name=\"twitter:data1\" content=\"7 dakika\" \/>\n<script type=\"application\/ld+json\" class=\"yoast-schema-graph\">{\"@context\":\"https:\/\/schema.org\",\"@graph\":[{\"@type\":\"WebPage\",\"@id\":\"https:\/\/www.yaacovafik.com\/\",\"url\":\"https:\/\/www.yaacovafik.com\/\",\"name\":\"Anasayfa - Yaacov Afik\",\"isPartOf\":{\"@id\":\"https:\/\/www.yaacovafik.com\/#website\"},\"datePublished\":\"2024-07-08T11:14:04+00:00\",\"dateModified\":\"2024-07-09T09:49:26+00:00\",\"description\":\"Bu blog, gayrimenkul ve sa\u011fl\u0131kl\u0131 ya\u015fam teknolojisi projeleri arac\u0131l\u0131\u011f\u0131yla toplumu zenginle\u015ftirmeye ve insanlar\u0131n ya\u015fam kalitesini art\u0131rmaya kendini adam\u0131\u015f gayrimenkul giri\u015fimcisi Yaacov Afik'in blogudur. Bu blog, so\u011fuk su terapisi, HYGEAR \u00fcr\u00fcnleri, Brezilya jiu-jitsu ve meditasyonun faydalar\u0131 gibi bir dizi konuyu kapsayan Bay Afik'in profesyonel ya\u015fam\u0131n\u0131n ve ki\u015fisel ilgi alanlar\u0131n\u0131n \u00e7e\u015fitli y\u00f6nlerini ke\u015ffedecektir.\",\"breadcrumb\":{\"@id\":\"https:\/\/www.yaacovafik.com\/#breadcrumb\"},\"inLanguage\":\"tr\",\"potentialAction\":[{\"@type\":\"ReadAction\",\"target\":[\"https:\/\/www.yaacovafik.com\/\"]}]},{\"@type\":\"BreadcrumbList\",\"@id\":\"https:\/\/www.yaacovafik.com\/#breadcrumb\",\"itemListElement\":[{\"@type\":\"ListItem\",\"position\":1,\"name\":\"Home\",\"item\":\"https:\/\/www.yaacovafik.com\/\"},{\"@type\":\"ListItem\",\"position\":2,\"name\":\"Anasayfa\"}]},{\"@type\":\"WebSite\",\"@id\":\"https:\/\/www.yaacovafik.com\/#website\",\"url\":\"https:\/\/www.yaacovafik.com\/\",\"name\":\"Yaacov Afik\",\"description\":\"This is the blog of Yaacov Afik\",\"potentialAction\":[{\"@type\":\"SearchAction\",\"target\":{\"@type\":\"EntryPoint\",\"urlTemplate\":\"https:\/\/www.yaacovafik.com\/?s={search_term_string}\"},\"query-input\":\"required name=search_term_string\"}],\"inLanguage\":\"tr\"}]}<\/script>\n<!-- \/ Yoast SEO plugin. -->","yoast_head_json":{"title":"Anasayfa - Yaacov Afik","description":"Bu blog, gayrimenkul ve sa\u011fl\u0131kl\u0131 ya\u015fam teknolojisi projeleri arac\u0131l\u0131\u011f\u0131yla toplumu zenginle\u015ftirmeye ve insanlar\u0131n ya\u015fam kalitesini art\u0131rmaya kendini adam\u0131\u015f gayrimenkul giri\u015fimcisi Yaacov Afik'in blogudur. Bu blog, so\u011fuk su terapisi, HYGEAR \u00fcr\u00fcnleri, Brezilya jiu-jitsu ve meditasyonun faydalar\u0131 gibi bir dizi konuyu kapsayan Bay Afik'in profesyonel ya\u015fam\u0131n\u0131n ve ki\u015fisel ilgi alanlar\u0131n\u0131n \u00e7e\u015fitli y\u00f6nlerini ke\u015ffedecektir.","robots":{"index":"index","follow":"follow","max-snippet":"max-snippet:-1","max-image-preview":"max-image-preview:large","max-video-preview":"max-video-preview:-1"},"canonical":"https:\/\/www.yaacovafik.com\/","og_locale":"tr_TR","og_type":"article","og_title":"Anasayfa - Yaacov Afik","og_description":"Bu blog, gayrimenkul ve sa\u011fl\u0131kl\u0131 ya\u015fam teknolojisi projeleri arac\u0131l\u0131\u011f\u0131yla toplumu zenginle\u015ftirmeye ve insanlar\u0131n ya\u015fam kalitesini art\u0131rmaya kendini adam\u0131\u015f gayrimenkul giri\u015fimcisi Yaacov Afik'in blogudur. Bu blog, so\u011fuk su terapisi, HYGEAR \u00fcr\u00fcnleri, Brezilya jiu-jitsu ve meditasyonun faydalar\u0131 gibi bir dizi konuyu kapsayan Bay Afik'in profesyonel ya\u015fam\u0131n\u0131n ve ki\u015fisel ilgi alanlar\u0131n\u0131n \u00e7e\u015fitli y\u00f6nlerini ke\u015ffedecektir.","og_url":"https:\/\/www.yaacovafik.com\/","og_site_name":"Yaacov Afik","article_modified_time":"2024-07-09T09:49:26+00:00","twitter_card":"summary_large_image","twitter_misc":{"Tahmini okuma s\u00fcresi":"7 dakika"},"schema":{"@context":"https:\/\/schema.org","@graph":[{"@type":"WebPage","@id":"https:\/\/www.yaacovafik.com\/","url":"https:\/\/www.yaacovafik.com\/","name":"Anasayfa - Yaacov Afik","isPartOf":{"@id":"https:\/\/www.yaacovafik.com\/#website"},"datePublished":"2024-07-08T11:14:04+00:00","dateModified":"2024-07-09T09:49:26+00:00","description":"Bu blog, gayrimenkul ve sa\u011fl\u0131kl\u0131 ya\u015fam teknolojisi projeleri arac\u0131l\u0131\u011f\u0131yla toplumu zenginle\u015ftirmeye ve insanlar\u0131n ya\u015fam kalitesini art\u0131rmaya kendini adam\u0131\u015f gayrimenkul giri\u015fimcisi Yaacov Afik'in blogudur. Bu blog, so\u011fuk su terapisi, HYGEAR \u00fcr\u00fcnleri, Brezilya jiu-jitsu ve meditasyonun faydalar\u0131 gibi bir dizi konuyu kapsayan Bay Afik'in profesyonel ya\u015fam\u0131n\u0131n ve ki\u015fisel ilgi alanlar\u0131n\u0131n \u00e7e\u015fitli y\u00f6nlerini ke\u015ffedecektir.","breadcrumb":{"@id":"https:\/\/www.yaacovafik.com\/#breadcrumb"},"inLanguage":"tr","potentialAction":[{"@type":"ReadAction","target":["https:\/\/www.yaacovafik.com\/"]}]},{"@type":"BreadcrumbList","@id":"https:\/\/www.yaacovafik.com\/#breadcrumb","itemListElement":[{"@type":"ListItem","position":1,"name":"Home","item":"https:\/\/www.yaacovafik.com\/"},{"@type":"ListItem","position":2,"name":"Anasayfa"}]},{"@type":"WebSite","@id":"https:\/\/www.yaacovafik.com\/#website","url":"https:\/\/www.yaacovafik.com\/","name":"Yaacov Afik","description":"This is the blog of Yaacov Afik","potentialAction":[{"@type":"SearchAction","target":{"@type":"EntryPoint","urlTemplate":"https:\/\/www.yaacovafik.com\/?s={search_term_string}"},"query-input":"required name=search_term_string"}],"inLanguage":"tr"}]}},"_links":{"self":[{"href":"https:\/\/www.yaacovafik.com\/tr\/wp-json\/wp\/v2\/pages\/94","targetHints":{"allow":["GET"]}}],"collection":[{"href":"https:\/\/www.yaacovafik.com\/tr\/wp-json\/wp\/v2\/pages"}],"about":[{"href":"https:\/\/www.yaacovafik.com\/tr\/wp-json\/wp\/v2\/types\/page"}],"author":[{"embeddable":true,"href":"https:\/\/www.yaacovafik.com\/tr\/wp-json\/wp\/v2\/users\/1"}],"replies":[{"embeddable":true,"href":"https:\/\/www.yaacovafik.com\/tr\/wp-json\/wp\/v2\/comments?post=94"}],"version-history":[{"count":2,"href":"https:\/\/www.yaacovafik.com\/tr\/wp-json\/wp\/v2\/pages\/94\/revisions"}],"predecessor-version":[{"id":150,"href":"https:\/\/www.yaacovafik.com\/tr\/wp-json\/wp\/v2\/pages\/94\/revisions\/150"}],"wp:attachment":[{"href":"https:\/\/www.yaacovafik.com\/tr\/wp-json\/wp\/v2\/media?parent=94"}],"curies":[{"name":"wp","href":"https:\/\/api.w.org\/{rel}","templated":true}]}}