{"id":95,"date":"2024-07-08T12:14:41","date_gmt":"2024-07-08T12:14:41","guid":{"rendered":"https:\/\/www.yaacovafik.com\/hakkinda\/"},"modified":"2024-07-16T13:43:30","modified_gmt":"2024-07-16T13:43:30","slug":"hakkinda","status":"publish","type":"page","link":"https:\/\/www.yaacovafik.com\/tr\/hakkinda\/","title":{"rendered":"Hakkinda"},"content":{"rendered":"<p>[et_pb_section fb_built=&#8221;1&#8243; _builder_version=&#8221;4.21.0&#8243; _module_preset=&#8221;default&#8221; background_color=&#8221;#162340&#8243; custom_padding=&#8221;100px||100px||false|false&#8221; locked=&#8221;off&#8221; global_colors_info=&#8221;{}&#8221;][et_pb_row column_structure=&#8221;3_5,2_5&#8243; _builder_version=&#8221;4.26.0&#8243; _module_preset=&#8221;default&#8221; global_colors_info=&#8221;{}&#8221;][et_pb_column type=&#8221;3_5&#8243; _builder_version=&#8221;4.21.0&#8243; _module_preset=&#8221;default&#8221; global_colors_info=&#8221;{}&#8221;][et_pb_text _builder_version=&#8221;4.26.0&#8243; _module_preset=&#8221;default&#8221; global_colors_info=&#8221;{}&#8221;]<\/p>\n<h1>Hakkinda Yaacov Afik<\/h1>\n<p>[\/et_pb_text][et_pb_text _builder_version=&#8221;4.21.0&#8243; _module_preset=&#8221;default&#8221; global_colors_info=&#8221;{}&#8221;]<\/p>\n<p>\u00dc\u00e7 \u00e7ocuk babas\u0131 Yaacov Afik, gayrimenkul ve sa\u011fl\u0131kl\u0131 ya\u015fam teknolojisi \u00fcr\u00fcnleri d\u00fcnyas\u0131na ve bunlar\u0131n insanlar\u0131n ya\u015famlar\u0131 \u00fczerinde yaratabilece\u011fi derin etkiye derinden ba\u011fl\u0131. Bir ba\u011f\u0131\u015f\u00e7\u0131 ve kanser hastalar\u0131 derne\u011finin y\u00f6netim kurulu \u00fcyesi olan Afik, ba\u015fkalar\u0131n\u0131n sa\u011fl\u0131\u011f\u0131na katk\u0131da bulunan yenilik\u00e7i yakla\u015f\u0131mlara \u00f6ncelik vermeye \u00e7al\u0131\u015fmaktad\u0131r &#8211; bu da ona derin bir memnuniyet vermektedir. Afik, 1998 y\u0131l\u0131nda Tel Aviv \u00dcniversitesi&#8217;nden hukuk alan\u0131nda lisans derecesi alm\u0131\u015ft\u0131r.  <\/p>\n<p>Afik Group&#8217;un CEO&#8217;su olarak gayrimenkul ve finans konular\u0131nda geni\u015f bir bilgi birikimine sahip olan Afik, \u015firketin K\u0131br\u0131s ve T\u00fcrkiye&#8217;deki gayrimenkul giri\u015fimlerine liderlik etmekten sorumludur. Ayr\u0131ca G\u00fcrcistan&#8217;\u0131n Tiflis kentinde 79.200 metrekarelik bir alana yay\u0131lacak ve tamamland\u0131\u011f\u0131nda aile dostu bir tatil k\u00f6y\u00fc deneyimi sunacak olan bir konut kompleksinin geli\u015ftirilmesinde de yer almaktad\u0131r. <\/p>\n<p>[\/et_pb_text][et_pb_text _builder_version=&#8221;4.26.0&#8243; _module_preset=&#8221;default&#8221; text_text_color=&#8221;#FFFFFF&#8221; global_colors_info=&#8221;{}&#8221;][\/et_pb_text][et_pb_button button_url=&#8221;#hygear&#8221; button_text=&#8221;HYGEAR&#8221; _builder_version=&#8221;4.26.0&#8243; _module_preset=&#8221;default&#8221; global_colors_info=&#8221;{}&#8221;][\/et_pb_button][\/et_pb_column][et_pb_column type=&#8221;2_5&#8243; _builder_version=&#8221;4.21.0&#8243; _module_preset=&#8221;default&#8221; global_colors_info=&#8221;{}&#8221;][et_pb_image src=&#8221;https:\/\/www.yaacovafik.com\/wp-content\/uploads\/2024\/07\/Yaacov-Afik-Profile-Picture.png&#8221; alt=&#8221;Yaacov Afik&#8221; align=&#8221;center&#8221; _builder_version=&#8221;4.26.0&#8243; _module_preset=&#8221;default&#8221; border_radii=&#8221;on|296px|296px|296px|296px&#8221; global_colors_info=&#8221;{}&#8221;][\/et_pb_image][et_pb_social_media_follow _builder_version=&#8221;4.26.1&#8243; _module_preset=&#8221;default&#8221; text_orientation=&#8221;center&#8221; hover_enabled=&#8221;0&#8243; global_colors_info=&#8221;{}&#8221; sticky_enabled=&#8221;0&#8243;][et_pb_social_media_follow_network social_network=&#8221;facebook&#8221; url=&#8221;https:\/\/www.facebook.com\/YaacovAfik.TR\/&#8221; icon_color=&#8221;#162340&#8243; _builder_version=&#8221;4.26.1&#8243; _module_preset=&#8221;default&#8221; background_color=&#8221;#FFFFFF&#8221; background_enable_color=&#8221;on&#8221; hover_enabled=&#8221;0&#8243; global_colors_info=&#8221;{}&#8221; follow_button=&#8221;off&#8221; url_new_window=&#8221;on&#8221; sticky_enabled=&#8221;0&#8243;]facebook[\/et_pb_social_media_follow_network][et_pb_social_media_follow_network social_network=&#8221;twitter&#8221; url=&#8221;https:\/\/twitter.com\/YaacovAfik_TR&#8221; icon_color=&#8221;#162340&#8243; _builder_version=&#8221;4.26.1&#8243; _module_preset=&#8221;default&#8221; background_color=&#8221;#FFFFFF&#8221; background_enable_color=&#8221;on&#8221; hover_enabled=&#8221;0&#8243; global_colors_info=&#8221;{}&#8221; follow_button=&#8221;off&#8221; url_new_window=&#8221;on&#8221; sticky_enabled=&#8221;0&#8243;]X[\/et_pb_social_media_follow_network][et_pb_social_media_follow_network social_network=&#8221;linkedin&#8221; url=&#8221;https:\/\/www.linkedin.com\/in\/jackafik\/&#8221; icon_color=&#8221;#162340&#8243; _builder_version=&#8221;4.26.0&#8243; _module_preset=&#8221;default&#8221; background_color=&#8221;#FFFFFF&#8221; background_enable_color=&#8221;on&#8221; global_colors_info=&#8221;{}&#8221; follow_button=&#8221;off&#8221; url_new_window=&#8221;on&#8221;]linkedin[\/et_pb_social_media_follow_network][et_pb_social_media_follow_network social_network=&#8221;instagram&#8221; url=&#8221;https:\/\/www.instagram.com\/yaacovafik_tr\/&#8221; icon_color=&#8221;#162340&#8243; _builder_version=&#8221;4.26.1&#8243; _module_preset=&#8221;default&#8221; background_color=&#8221;#FFFFFF&#8221; background_enable_color=&#8221;on&#8221; hover_enabled=&#8221;0&#8243; global_colors_info=&#8221;{}&#8221; follow_button=&#8221;off&#8221; url_new_window=&#8221;on&#8221; sticky_enabled=&#8221;0&#8243;]instagram[\/et_pb_social_media_follow_network][\/et_pb_social_media_follow][\/et_pb_column][\/et_pb_row][\/et_pb_section][et_pb_section fb_built=&#8221;1&#8243; _builder_version=&#8221;4.26.0&#8243; _module_preset=&#8221;default&#8221; background_color=&#8221;RGBA(255,255,255,0)&#8221; custom_padding=&#8221;100px||100px||false|false&#8221; locked=&#8221;off&#8221; global_colors_info=&#8221;{}&#8221;][et_pb_row column_structure=&#8221;3_5,2_5&#8243; _builder_version=&#8221;4.26.0&#8243; _module_preset=&#8221;default&#8221; global_colors_info=&#8221;{}&#8221;][et_pb_column type=&#8221;3_5&#8243; _builder_version=&#8221;4.21.0&#8243; _module_preset=&#8221;default&#8221; global_colors_info=&#8221;{}&#8221;][et_pb_text module_id=&#8221;hygear&#8221; _builder_version=&#8221;4.26.0&#8243; _module_preset=&#8221;default&#8221; text_text_color=&#8221;#162340&#8243; header_text_color=&#8221;#162340&#8243; global_colors_info=&#8221;{}&#8221;]<\/p>\n<h1>HYGEAR<\/h1>\n<p>[\/et_pb_text][et_pb_text _builder_version=&#8221;4.26.0&#8243; _module_preset=&#8221;default&#8221; text_text_color=&#8221;#162340&#8243; global_colors_info=&#8221;{}&#8221;]<\/p>\n<p>Afik ayn\u0131 zamanda, \u00fcr\u00fcnleri geli\u015fmi\u015f &#8211; ancak eri\u015filebilir &#8211; teknolojiyi kullanarak herkesin benzersiz fitness ve sa\u011fl\u0131kl\u0131 ya\u015fam yolculu\u011funu desteklemeyi ama\u00e7layan bir \u015firket olan HYGEAR&#8217;\u0131n kurucu orta\u011f\u0131 ve ba\u015fkan\u0131d\u0131r. HYGEAR&#8217;\u0131n \u00fcr\u00fcn yelpazesi, t\u00fcm v\u00fccut antrenman deneyimi sunmak \u00fczere tasarlanm\u0131\u015f ak\u0131ll\u0131 diren\u00e7 bantlar\u0131 GEAR GO ve merkez b\u00f6lgeyi hedeflemek i\u00e7in kullan\u0131labilen ve t\u00fcm fitness seviyeleri i\u00e7in ideal olan ak\u0131ll\u0131 bir a\u011f\u0131rl\u0131k bar\u0131 HYBAR&#8217;\u0131 i\u00e7eriyor. T\u00fcm \u00fcr\u00fcnlere e\u015flik eden HYGEAR uygulamas\u0131, s\u0131n\u0131rs\u0131z ger\u00e7ek zamanl\u0131 \u00f6l\u00e7\u00fcm takibi, be\u015f ila yedi dakikal\u0131k g\u00fcnl\u00fck sa\u011fl\u0131k rutini program\u0131 ve y\u00fczlerce egzersiz demosu ve st\u00fcdyo antrenman\u0131 sa\u011flar.  <\/p>\n<p>Inside all HYGEAR equipment there are performance sensors that collect data for the user\u2019s AI coach. Real-time feedback and performance data is used to gather insights and recommend personalised routines to create a results-driven, science-backed fitness journey. A variety of training modes and parameters allow for tailored activities, with users able to track their progress in weight, calories, speed, power and more. HYGEAR has recently begun collaborating with schools and security forces in India.   <\/p>\n<p>[\/et_pb_text][et_pb_button button_url=&#8221;#wellness&#8221; button_text=&#8221;Sa\u011fl\u0131k&#8221; _builder_version=&#8221;4.26.0&#8243; _module_preset=&#8221;default&#8221; global_colors_info=&#8221;{}&#8221;][\/et_pb_button][\/et_pb_column][et_pb_column type=&#8221;2_5&#8243; _builder_version=&#8221;4.21.0&#8243; _module_preset=&#8221;default&#8221; global_colors_info=&#8221;{}&#8221;][et_pb_image src=&#8221;https:\/\/www.yaacovafik.com\/wp-content\/uploads\/2024\/07\/Yaacov-Afik-HYGEAR-2.webp&#8221; alt=&#8221;Yaacov Afik&#8221; _builder_version=&#8221;4.26.0&#8243; _module_preset=&#8221;default&#8221; global_colors_info=&#8221;{}&#8221;][\/et_pb_image][\/et_pb_column][\/et_pb_row][\/et_pb_section][et_pb_section fb_built=&#8221;1&#8243; _builder_version=&#8221;4.26.0&#8243; _module_preset=&#8221;default&#8221; background_color=&#8221;#162340&#8243; custom_padding=&#8221;100px||100px||false|false&#8221; locked=&#8221;off&#8221; global_colors_info=&#8221;{}&#8221;][et_pb_row column_structure=&#8221;3_5,2_5&#8243; _builder_version=&#8221;4.21.0&#8243; _module_preset=&#8221;default&#8221; global_colors_info=&#8221;{}&#8221;][et_pb_column type=&#8221;3_5&#8243; _builder_version=&#8221;4.21.0&#8243; _module_preset=&#8221;default&#8221; global_colors_info=&#8221;{}&#8221;][et_pb_text module_id=&#8221;wellness&#8221; _builder_version=&#8221;4.26.0&#8243; _module_preset=&#8221;default&#8221; header_text_color=&#8221;#FFFFFF&#8221; global_colors_info=&#8221;{}&#8221;]<\/p>\n<h1>Sa\u011fl\u0131k<\/h1>\n<p>[\/et_pb_text][et_pb_text _builder_version=&#8221;4.26.0&#8243; _module_preset=&#8221;default&#8221; text_text_color=&#8221;#FFFFFF&#8221; global_colors_info=&#8221;{}&#8221;]<\/p>\n<p>Bay Afik, g\u00fcnl\u00fck rutininin bir par\u00e7as\u0131n\u0131 olu\u015fturan bir dizi sa\u011fl\u0131kl\u0131 ya\u015fam uygulamas\u0131ndan ve spordan ho\u015flanmaktad\u0131r. Bunlar aras\u0131nda benzersiz bilin\u00e7 terapisi, meditasyon, buz banyosu ve s\u00f6rf yer almaktad\u0131r. Kendisi Brezilya jiu-jitsu (BJJ) sporunun hevesli bir uygulay\u0131c\u0131s\u0131d\u0131r ve bu d\u00f6v\u00fc\u015f sanat\u0131nda kahverengi ku\u015fak elde etmi\u015ftir. \u0130ki kez Uluslararas\u0131 Jiu-Jitsu Federasyonu Avrupa \u015eampiyonu, Abu Dabi Jiu-Jitsu Federasyonu D\u00fcnya \u015eampiyonu ve Abu Dabi Jiu-Jitsu Federasyonu Grand Slam birincisidir. Seyahat etmeyi seven Afik, Sri Lanka, Hindistan, Dominik Cumhuriyeti, Panama ve Avrupa&#8217;n\u0131n d\u00f6rt bir yan\u0131ndaki \u00fclkeler de dahil olmak \u00fczere d\u00fcnyan\u0131n d\u00f6rt bir yan\u0131ndaki \u00fclkeleri ziyaret etmi\u015ftir.    <\/p>\n<p>[\/et_pb_text][et_pb_button button_url=&#8221;#hygear&#8221; button_text=&#8221;Toplumsal Zenginle\u015fme&#8221; _builder_version=&#8221;4.26.0&#8243; _module_preset=&#8221;default&#8221; global_colors_info=&#8221;{}&#8221;][\/et_pb_button][\/et_pb_column][et_pb_column type=&#8221;2_5&#8243; _builder_version=&#8221;4.21.0&#8243; _module_preset=&#8221;default&#8221; global_colors_info=&#8221;{}&#8221;][et_pb_image src=&#8221;https:\/\/www.yaacovafik.com\/wp-content\/uploads\/2024\/07\/Yaacov-Afik-Surf.jpg&#8221; alt=&#8221;Yaacov Afik&#8221; _builder_version=&#8221;4.26.0&#8243; _module_preset=&#8221;default&#8221; global_colors_info=&#8221;{}&#8221;][\/et_pb_image][\/et_pb_column][\/et_pb_row][\/et_pb_section]<\/p>\n","protected":false},"excerpt":{"rendered":"<p>Hakkinda Yaacov Afik\u00dc\u00e7 \u00e7ocuk babas\u0131 Yaacov Afik, gayrimenkul ve sa\u011fl\u0131kl\u0131 ya\u015fam teknolojisi \u00fcr\u00fcnleri d\u00fcnyas\u0131na ve bunlar\u0131n insanlar\u0131n ya\u015famlar\u0131 \u00fczerinde yaratabilece\u011fi derin etkiye derinden ba\u011fl\u0131. Bir ba\u011f\u0131\u015f\u00e7\u0131 ve kanser hastalar\u0131 derne\u011finin y\u00f6netim kurulu \u00fcyesi olan Afik, ba\u015fkalar\u0131n\u0131n sa\u011fl\u0131\u011f\u0131na katk\u0131da bulunan yenilik\u00e7i yakla\u015f\u0131mlara \u00f6ncelik vermeye \u00e7al\u0131\u015fmaktad\u0131r &#8211; bu da ona derin bir memnuniyet vermektedir. Afik, 1998 y\u0131l\u0131nda [&hellip;]<\/p>\n","protected":false},"author":1,"featured_media":0,"parent":0,"menu_order":0,"comment_status":"closed","ping_status":"closed","template":"","meta":{"_et_pb_use_builder":"on","_et_pb_old_content":"","_et_gb_content_width":"","footnotes":""},"class_list":["post-95","page","type-page","status-publish","hentry"],"yoast_head":"<!-- This site is optimized with the Yoast SEO plugin v23.2 - https:\/\/yoast.com\/wordpress\/plugins\/seo\/ -->\n<title>Hakkinda - Yaacov Afik<\/title>\n<meta name=\"description\" content=\"\u00dc\u00e7 \u00e7ocuk babas\u0131 Yaacov Afik, gayrimenkul ve sa\u011fl\u0131kl\u0131 ya\u015fam teknolojisi \u00fcr\u00fcnleri d\u00fcnyas\u0131na ve bunlar\u0131n insanlar\u0131n ya\u015famlar\u0131 \u00fczerinde yaratabilece\u011fi derin etkiye derinden ba\u011fl\u0131. Bir ba\u011f\u0131\u015f\u00e7\u0131 ve kanser hastalar\u0131 derne\u011finin y\u00f6netim kurulu \u00fcyesi olan Afik, ba\u015fkalar\u0131n\u0131n sa\u011fl\u0131\u011f\u0131na katk\u0131da bulunan yenilik\u00e7i yakla\u015f\u0131mlara \u00f6ncelik vermeye \u00e7al\u0131\u015fmaktad\u0131r - bu da ona derin bir memnuniyet vermektedir.\" \/>\n<meta name=\"robots\" content=\"index, follow, max-snippet:-1, max-image-preview:large, max-video-preview:-1\" \/>\n<link rel=\"canonical\" href=\"https:\/\/www.yaacovafik.com\/tr\/hakkinda\/\" \/>\n<meta property=\"og:locale\" content=\"tr_TR\" \/>\n<meta property=\"og:type\" content=\"article\" \/>\n<meta property=\"og:title\" content=\"Hakkinda - Yaacov Afik\" \/>\n<meta property=\"og:description\" content=\"\u00dc\u00e7 \u00e7ocuk babas\u0131 Yaacov Afik, gayrimenkul ve sa\u011fl\u0131kl\u0131 ya\u015fam teknolojisi \u00fcr\u00fcnleri d\u00fcnyas\u0131na ve bunlar\u0131n insanlar\u0131n ya\u015famlar\u0131 \u00fczerinde yaratabilece\u011fi derin etkiye derinden ba\u011fl\u0131. Bir ba\u011f\u0131\u015f\u00e7\u0131 ve kanser hastalar\u0131 derne\u011finin y\u00f6netim kurulu \u00fcyesi olan Afik, ba\u015fkalar\u0131n\u0131n sa\u011fl\u0131\u011f\u0131na katk\u0131da bulunan yenilik\u00e7i yakla\u015f\u0131mlara \u00f6ncelik vermeye \u00e7al\u0131\u015fmaktad\u0131r - bu da ona derin bir memnuniyet vermektedir.\" \/>\n<meta property=\"og:url\" content=\"https:\/\/www.yaacovafik.com\/tr\/hakkinda\/\" \/>\n<meta property=\"og:site_name\" content=\"Yaacov Afik\" \/>\n<meta property=\"article:modified_time\" content=\"2024-07-16T13:43:30+00:00\" \/>\n<meta name=\"twitter:card\" content=\"summary_large_image\" \/>\n<meta name=\"twitter:label1\" content=\"Tahmini okuma s\u00fcresi\" \/>\n\t<meta name=\"twitter:data1\" content=\"6 dakika\" \/>\n<script type=\"application\/ld+json\" class=\"yoast-schema-graph\">{\"@context\":\"https:\/\/schema.org\",\"@graph\":[{\"@type\":\"WebPage\",\"@id\":\"https:\/\/www.yaacovafik.com\/tr\/hakkinda\/\",\"url\":\"https:\/\/www.yaacovafik.com\/tr\/hakkinda\/\",\"name\":\"Hakkinda - Yaacov Afik\",\"isPartOf\":{\"@id\":\"https:\/\/www.yaacovafik.com\/#website\"},\"datePublished\":\"2024-07-08T12:14:41+00:00\",\"dateModified\":\"2024-07-16T13:43:30+00:00\",\"description\":\"\u00dc\u00e7 \u00e7ocuk babas\u0131 Yaacov Afik, gayrimenkul ve sa\u011fl\u0131kl\u0131 ya\u015fam teknolojisi \u00fcr\u00fcnleri d\u00fcnyas\u0131na ve bunlar\u0131n insanlar\u0131n ya\u015famlar\u0131 \u00fczerinde yaratabilece\u011fi derin etkiye derinden ba\u011fl\u0131. Bir ba\u011f\u0131\u015f\u00e7\u0131 ve kanser hastalar\u0131 derne\u011finin y\u00f6netim kurulu \u00fcyesi olan Afik, ba\u015fkalar\u0131n\u0131n sa\u011fl\u0131\u011f\u0131na katk\u0131da bulunan yenilik\u00e7i yakla\u015f\u0131mlara \u00f6ncelik vermeye \u00e7al\u0131\u015fmaktad\u0131r - bu da ona derin bir memnuniyet vermektedir.\",\"breadcrumb\":{\"@id\":\"https:\/\/www.yaacovafik.com\/tr\/hakkinda\/#breadcrumb\"},\"inLanguage\":\"tr\",\"potentialAction\":[{\"@type\":\"ReadAction\",\"target\":[\"https:\/\/www.yaacovafik.com\/tr\/hakkinda\/\"]}]},{\"@type\":\"BreadcrumbList\",\"@id\":\"https:\/\/www.yaacovafik.com\/tr\/hakkinda\/#breadcrumb\",\"itemListElement\":[{\"@type\":\"ListItem\",\"position\":1,\"name\":\"Home\",\"item\":\"https:\/\/www.yaacovafik.com\/\"},{\"@type\":\"ListItem\",\"position\":2,\"name\":\"Hakkinda\"}]},{\"@type\":\"WebSite\",\"@id\":\"https:\/\/www.yaacovafik.com\/#website\",\"url\":\"https:\/\/www.yaacovafik.com\/\",\"name\":\"Yaacov Afik\",\"description\":\"This is the blog of Yaacov Afik\",\"potentialAction\":[{\"@type\":\"SearchAction\",\"target\":{\"@type\":\"EntryPoint\",\"urlTemplate\":\"https:\/\/www.yaacovafik.com\/?s={search_term_string}\"},\"query-input\":\"required name=search_term_string\"}],\"inLanguage\":\"tr\"}]}<\/script>\n<!-- \/ Yoast SEO plugin. -->","yoast_head_json":{"title":"Hakkinda - Yaacov Afik","description":"\u00dc\u00e7 \u00e7ocuk babas\u0131 Yaacov Afik, gayrimenkul ve sa\u011fl\u0131kl\u0131 ya\u015fam teknolojisi \u00fcr\u00fcnleri d\u00fcnyas\u0131na ve bunlar\u0131n insanlar\u0131n ya\u015famlar\u0131 \u00fczerinde yaratabilece\u011fi derin etkiye derinden ba\u011fl\u0131. Bir ba\u011f\u0131\u015f\u00e7\u0131 ve kanser hastalar\u0131 derne\u011finin y\u00f6netim kurulu \u00fcyesi olan Afik, ba\u015fkalar\u0131n\u0131n sa\u011fl\u0131\u011f\u0131na katk\u0131da bulunan yenilik\u00e7i yakla\u015f\u0131mlara \u00f6ncelik vermeye \u00e7al\u0131\u015fmaktad\u0131r - bu da ona derin bir memnuniyet vermektedir.","robots":{"index":"index","follow":"follow","max-snippet":"max-snippet:-1","max-image-preview":"max-image-preview:large","max-video-preview":"max-video-preview:-1"},"canonical":"https:\/\/www.yaacovafik.com\/tr\/hakkinda\/","og_locale":"tr_TR","og_type":"article","og_title":"Hakkinda - Yaacov Afik","og_description":"\u00dc\u00e7 \u00e7ocuk babas\u0131 Yaacov Afik, gayrimenkul ve sa\u011fl\u0131kl\u0131 ya\u015fam teknolojisi \u00fcr\u00fcnleri d\u00fcnyas\u0131na ve bunlar\u0131n insanlar\u0131n ya\u015famlar\u0131 \u00fczerinde yaratabilece\u011fi derin etkiye derinden ba\u011fl\u0131. Bir ba\u011f\u0131\u015f\u00e7\u0131 ve kanser hastalar\u0131 derne\u011finin y\u00f6netim kurulu \u00fcyesi olan Afik, ba\u015fkalar\u0131n\u0131n sa\u011fl\u0131\u011f\u0131na katk\u0131da bulunan yenilik\u00e7i yakla\u015f\u0131mlara \u00f6ncelik vermeye \u00e7al\u0131\u015fmaktad\u0131r - bu da ona derin bir memnuniyet vermektedir.","og_url":"https:\/\/www.yaacovafik.com\/tr\/hakkinda\/","og_site_name":"Yaacov Afik","article_modified_time":"2024-07-16T13:43:30+00:00","twitter_card":"summary_large_image","twitter_misc":{"Tahmini okuma s\u00fcresi":"6 dakika"},"schema":{"@context":"https:\/\/schema.org","@graph":[{"@type":"WebPage","@id":"https:\/\/www.yaacovafik.com\/tr\/hakkinda\/","url":"https:\/\/www.yaacovafik.com\/tr\/hakkinda\/","name":"Hakkinda - Yaacov Afik","isPartOf":{"@id":"https:\/\/www.yaacovafik.com\/#website"},"datePublished":"2024-07-08T12:14:41+00:00","dateModified":"2024-07-16T13:43:30+00:00","description":"\u00dc\u00e7 \u00e7ocuk babas\u0131 Yaacov Afik, gayrimenkul ve sa\u011fl\u0131kl\u0131 ya\u015fam teknolojisi \u00fcr\u00fcnleri d\u00fcnyas\u0131na ve bunlar\u0131n insanlar\u0131n ya\u015famlar\u0131 \u00fczerinde yaratabilece\u011fi derin etkiye derinden ba\u011fl\u0131. Bir ba\u011f\u0131\u015f\u00e7\u0131 ve kanser hastalar\u0131 derne\u011finin y\u00f6netim kurulu \u00fcyesi olan Afik, ba\u015fkalar\u0131n\u0131n sa\u011fl\u0131\u011f\u0131na katk\u0131da bulunan yenilik\u00e7i yakla\u015f\u0131mlara \u00f6ncelik vermeye \u00e7al\u0131\u015fmaktad\u0131r - bu da ona derin bir memnuniyet vermektedir.","breadcrumb":{"@id":"https:\/\/www.yaacovafik.com\/tr\/hakkinda\/#breadcrumb"},"inLanguage":"tr","potentialAction":[{"@type":"ReadAction","target":["https:\/\/www.yaacovafik.com\/tr\/hakkinda\/"]}]},{"@type":"BreadcrumbList","@id":"https:\/\/www.yaacovafik.com\/tr\/hakkinda\/#breadcrumb","itemListElement":[{"@type":"ListItem","position":1,"name":"Home","item":"https:\/\/www.yaacovafik.com\/"},{"@type":"ListItem","position":2,"name":"Hakkinda"}]},{"@type":"WebSite","@id":"https:\/\/www.yaacovafik.com\/#website","url":"https:\/\/www.yaacovafik.com\/","name":"Yaacov Afik","description":"This is the blog of Yaacov Afik","potentialAction":[{"@type":"SearchAction","target":{"@type":"EntryPoint","urlTemplate":"https:\/\/www.yaacovafik.com\/?s={search_term_string}"},"query-input":"required name=search_term_string"}],"inLanguage":"tr"}]}},"_links":{"self":[{"href":"https:\/\/www.yaacovafik.com\/tr\/wp-json\/wp\/v2\/pages\/95","targetHints":{"allow":["GET"]}}],"collection":[{"href":"https:\/\/www.yaacovafik.com\/tr\/wp-json\/wp\/v2\/pages"}],"about":[{"href":"https:\/\/www.yaacovafik.com\/tr\/wp-json\/wp\/v2\/types\/page"}],"author":[{"embeddable":true,"href":"https:\/\/www.yaacovafik.com\/tr\/wp-json\/wp\/v2\/users\/1"}],"replies":[{"embeddable":true,"href":"https:\/\/www.yaacovafik.com\/tr\/wp-json\/wp\/v2\/comments?post=95"}],"version-history":[{"count":3,"href":"https:\/\/www.yaacovafik.com\/tr\/wp-json\/wp\/v2\/pages\/95\/revisions"}],"predecessor-version":[{"id":166,"href":"https:\/\/www.yaacovafik.com\/tr\/wp-json\/wp\/v2\/pages\/95\/revisions\/166"}],"wp:attachment":[{"href":"https:\/\/www.yaacovafik.com\/tr\/wp-json\/wp\/v2\/media?parent=95"}],"curies":[{"name":"wp","href":"https:\/\/api.w.org\/{rel}","templated":true}]}}