{"id":96,"date":"2024-07-08T13:55:47","date_gmt":"2024-07-08T13:55:47","guid":{"rendered":"https:\/\/www.yaacovafik.com\/toplumsal-zenginlesme\/"},"modified":"2024-07-09T09:52:28","modified_gmt":"2024-07-09T09:52:28","slug":"toplumsal-zenginlesme","status":"publish","type":"page","link":"https:\/\/www.yaacovafik.com\/tr\/toplumsal-zenginlesme\/","title":{"rendered":"Toplumsal Zenginle\u015fme"},"content":{"rendered":"<p>[et_pb_section fb_built=&#8221;1&#8243; _builder_version=&#8221;4.21.0&#8243; _module_preset=&#8221;default&#8221; background_color=&#8221;#162340&#8243; custom_padding=&#8221;100px||100px||false|false&#8221; locked=&#8221;off&#8221; global_colors_info=&#8221;{}&#8221;][et_pb_row _builder_version=&#8221;4.26.0&#8243; _module_preset=&#8221;default&#8221; global_colors_info=&#8221;{}&#8221;][et_pb_column type=&#8221;4_4&#8243; _builder_version=&#8221;4.21.0&#8243; _module_preset=&#8221;default&#8221; global_colors_info=&#8221;{}&#8221;][et_pb_text _builder_version=&#8221;4.26.0&#8243; _module_preset=&#8221;default&#8221; global_colors_info=&#8221;{}&#8221;]<\/p>\n<h1>Toplumsal Zenginle\u015fme<\/h1>\n<p>[\/et_pb_text][et_pb_button button_url=&#8221;#coldwatertherapy&#8221; button_text=&#8221;Toplumsal Zenginle\u015fme Nedir?&#8221; _builder_version=&#8221;4.26.0&#8243; _module_preset=&#8221;default&#8221; hover_enabled=&#8221;0&#8243; global_colors_info=&#8221;{}&#8221; sticky_enabled=&#8221;0&#8243;][\/et_pb_button][\/et_pb_column][\/et_pb_row][\/et_pb_section][et_pb_section fb_built=&#8221;1&#8243; _builder_version=&#8221;4.21.0&#8243; _module_preset=&#8221;default&#8221; background_enable_color=&#8221;off&#8221; custom_padding=&#8221;100px||100px||false|false&#8221; locked=&#8221;off&#8221; global_colors_info=&#8221;{}&#8221;][et_pb_row column_structure=&#8221;3_5,2_5&#8243; _builder_version=&#8221;4.21.0&#8243; _module_preset=&#8221;default&#8221; global_colors_info=&#8221;{}&#8221;][et_pb_column type=&#8221;3_5&#8243; _builder_version=&#8221;4.21.0&#8243; _module_preset=&#8221;default&#8221; global_colors_info=&#8221;{}&#8221;][et_pb_text module_id=&#8221;coldwatertherapy&#8221; _builder_version=&#8221;4.26.0&#8243; _module_preset=&#8221;default&#8221; header_text_color=&#8221;#162340&#8243; header_2_text_color=&#8221;#162340&#8243; global_colors_info=&#8221;{}&#8221;]<\/p>\n<h2>Toplumsal Zenginle\u015fme Nedir?<\/h2>\n<p>[\/et_pb_text][et_pb_text _builder_version=&#8221;4.21.0&#8243; _module_preset=&#8221;default&#8221; text_text_color=&#8221;#162340&#8243; global_colors_info=&#8221;{}&#8221;]<\/p>\n<p>Toplumsal zenginle\u015ftirme, kurulu\u015flar\u0131n yerel toplumlara yard\u0131m etmeleri i\u00e7in basit ve etkili bir yoldur. Hay\u0131rsever ba\u011f\u0131\u015flar yapmak ve karbon ayak izlerini azaltmak i\u00e7in ad\u0131mlar atmak gibi di\u011fer faaliyetleri de i\u00e7eren \u00f6nemli bir unsurdur. Pek \u00e7ok \u015firket kendi de\u011ferleri, vizyonlar\u0131 veya ana faaliyet alanlar\u0131yla uyumlu toplum zenginle\u015ftirme faaliyetlerini veya giri\u015fimlerini se\u00e7mekte, toplum projelerini \u00fcstlenmek i\u00e7in bir ekibin par\u00e7as\u0131 olarak \u00e7al\u0131\u015f\u0131rken zaman ve beceri ba\u011f\u0131\u015f\u0131nda bulunmaktad\u0131r.  <\/p>\n<p>[\/et_pb_text][\/et_pb_column][et_pb_column type=&#8221;2_5&#8243; _builder_version=&#8221;4.21.0&#8243; _module_preset=&#8221;default&#8221; global_colors_info=&#8221;{}&#8221;][et_pb_image src=&#8221;https:\/\/www.yaacovafik.com\/wp-content\/uploads\/2024\/07\/Yaacov-Afik-Community-Enrichment-Organisations.jpg&#8221; alt=&#8221;Yaacov Afik&#8221; _builder_version=&#8221;4.26.0&#8243; _module_preset=&#8221;default&#8221; global_colors_info=&#8221;{}&#8221;][\/et_pb_image][\/et_pb_column][\/et_pb_row][\/et_pb_section][et_pb_section fb_built=&#8221;1&#8243; _builder_version=&#8221;4.21.0&#8243; _module_preset=&#8221;default&#8221; background_color=&#8221;#162340&#8243; custom_padding=&#8221;100px||100px||false|false&#8221; locked=&#8221;off&#8221; global_colors_info=&#8221;{}&#8221;][et_pb_row column_structure=&#8221;2_5,3_5&#8243; _builder_version=&#8221;4.26.0&#8243; _module_preset=&#8221;default&#8221; global_colors_info=&#8221;{}&#8221;][et_pb_column type=&#8221;2_5&#8243; _builder_version=&#8221;4.21.0&#8243; _module_preset=&#8221;default&#8221; global_colors_info=&#8221;{}&#8221;][et_pb_image src=&#8221;https:\/\/www.yaacovafik.com\/wp-content\/uploads\/2024\/07\/Yaacov-Afik-Community.jpg&#8221; alt=&#8221;Yaacov Afik&#8221; _builder_version=&#8221;4.26.0&#8243; _module_preset=&#8221;default&#8221; global_colors_info=&#8221;{}&#8221;][\/et_pb_image][\/et_pb_column][et_pb_column type=&#8221;3_5&#8243; _builder_version=&#8221;4.21.0&#8243; _module_preset=&#8221;default&#8221; global_colors_info=&#8221;{}&#8221;][et_pb_text _builder_version=&#8221;4.26.0&#8243; _module_preset=&#8221;default&#8221; global_colors_info=&#8221;{}&#8221;]<\/p>\n<h2>Toplumu Zenginle\u015ftirmenin Kurulu\u015flar i\u00e7in Faydalar\u0131 Nelerdir?<\/h2>\n<p>[\/et_pb_text][et_pb_text _builder_version=&#8221;4.26.0&#8243; _module_preset=&#8221;default&#8221; global_colors_info=&#8221;{}&#8221;]<\/p>\n<p>Kurulu\u015flar i\u00e7in topluluk zenginle\u015ftirmenin bir\u00e7ok faydas\u0131 vard\u0131r. Bunlar aras\u0131nda \u00e7al\u0131\u015fan ba\u011fl\u0131l\u0131\u011f\u0131n\u0131 ve ileti\u015fimini geli\u015ftirmek, daha iyi i\u015fleyen, daha g\u00fc\u00e7l\u00fc ekipler olu\u015fturmak ve personelin moralini ve \u00e7al\u0131\u015ft\u0131\u011f\u0131 \u015firketle gurur duymas\u0131n\u0131 sa\u011flamak say\u0131labilir. Kurulu\u015flar\u0131n yerel toplumu daha iyi anlamas\u0131n\u0131 sa\u011flaman\u0131n yan\u0131 s\u0131ra, toplumu zenginle\u015ftirmek bu faaliyetlerin g\u00f6r\u00fcn\u00fcrl\u00fc\u011f\u00fc yoluyla marka itibar\u0131n\u0131 ve bilinirli\u011fini art\u0131rman\u0131n etkili bir yolu olabilir. <\/p>\n<p>[\/et_pb_text][\/et_pb_column][\/et_pb_row][\/et_pb_section][et_pb_section fb_built=&#8221;1&#8243; _builder_version=&#8221;4.21.0&#8243; _module_preset=&#8221;default&#8221; background_enable_color=&#8221;off&#8221; custom_padding=&#8221;100px||100px||false|false&#8221; locked=&#8221;off&#8221; global_colors_info=&#8221;{}&#8221;][et_pb_row column_structure=&#8221;3_5,2_5&#8243; _builder_version=&#8221;4.21.0&#8243; _module_preset=&#8221;default&#8221; global_colors_info=&#8221;{}&#8221;][et_pb_column type=&#8221;3_5&#8243; _builder_version=&#8221;4.21.0&#8243; _module_preset=&#8221;default&#8221; global_colors_info=&#8221;{}&#8221;][et_pb_text module_id=&#8221;coldwatertherapy&#8221; _builder_version=&#8221;4.26.0&#8243; _module_preset=&#8221;default&#8221; header_text_color=&#8221;#162340&#8243; header_2_text_color=&#8221;#162340&#8243; global_colors_info=&#8221;{}&#8221;]<\/p>\n<h2>\u00c7al\u0131\u015fanlar i\u00e7in Toplumu Zenginle\u015ftirmenin Faydalar\u0131 Var m\u0131?<\/h2>\n<p>[\/et_pb_text][et_pb_text _builder_version=&#8221;4.21.0&#8243; _module_preset=&#8221;default&#8221; text_text_color=&#8221;#162340&#8243; global_colors_info=&#8221;{}&#8221;]<\/p>\n<p>Toplumun zenginle\u015ftirilmesi \u00e7al\u0131\u015fanlara da fayda sa\u011flar; i\u015fverenleriyle daha iyi bir ba\u011f kurmalar\u0131n\u0131 kolayla\u015ft\u0131r\u0131r ve olumlu bir fark yaratman\u0131n getirdi\u011fi ki\u015fisel gurur ve tatmin duygusunu ortaya \u00e7\u0131kar\u0131r. Ayr\u0131ca, toplumu zenginle\u015ftirme faaliyetleri arac\u0131l\u0131\u011f\u0131yla \u00e7al\u0131\u015fanlar genellikle problem \u00e7\u00f6zme ve ileti\u015fim gibi becerileri uygulama veya yeni beceriler kazanma f\u0131rsat\u0131 bulurlar. <\/p>\n<p>[\/et_pb_text][\/et_pb_column][et_pb_column type=&#8221;2_5&#8243; _builder_version=&#8221;4.21.0&#8243; _module_preset=&#8221;default&#8221; global_colors_info=&#8221;{}&#8221;][et_pb_image src=&#8221;https:\/\/www.yaacovafik.com\/wp-content\/uploads\/2024\/07\/Yaacov-Afik-Community-Enrichment.jpg&#8221; alt=&#8221;Yaacov Afik&#8221; _builder_version=&#8221;4.26.0&#8243; _module_preset=&#8221;default&#8221; global_colors_info=&#8221;{}&#8221;][\/et_pb_image][\/et_pb_column][\/et_pb_row][\/et_pb_section][et_pb_section fb_built=&#8221;1&#8243; _builder_version=&#8221;4.21.0&#8243; _module_preset=&#8221;default&#8221; background_color=&#8221;#162340&#8243; custom_padding=&#8221;100px||100px||false|false&#8221; locked=&#8221;off&#8221; global_colors_info=&#8221;{}&#8221;][et_pb_row column_structure=&#8221;2_5,3_5&#8243; _builder_version=&#8221;4.26.0&#8243; _module_preset=&#8221;default&#8221; global_colors_info=&#8221;{}&#8221;][et_pb_column type=&#8221;2_5&#8243; _builder_version=&#8221;4.21.0&#8243; _module_preset=&#8221;default&#8221; global_colors_info=&#8221;{}&#8221;][et_pb_image src=&#8221;https:\/\/www.yaacovafik.com\/wp-content\/uploads\/2024\/07\/Yaacov-Afik-Community-Enrichment-Initiative.jpg&#8221; alt=&#8221;Yaacov Afik&#8221; _builder_version=&#8221;4.26.0&#8243; _module_preset=&#8221;default&#8221; global_colors_info=&#8221;{}&#8221;][\/et_pb_image][\/et_pb_column][et_pb_column type=&#8221;3_5&#8243; _builder_version=&#8221;4.21.0&#8243; _module_preset=&#8221;default&#8221; global_colors_info=&#8221;{}&#8221;][et_pb_text _builder_version=&#8221;4.26.0&#8243; _module_preset=&#8221;default&#8221; global_colors_info=&#8221;{}&#8221;]<\/p>\n<h2>Toplumsal Zenginle\u015fme Giri\u015fimleri Toplumsal D\u00f6n\u00fc\u015f\u00fcm\u00fc Nas\u0131l Sa\u011flayabilir?<\/h2>\n<p>[\/et_pb_text][et_pb_text _builder_version=&#8221;4.26.0&#8243; _module_preset=&#8221;default&#8221; global_colors_info=&#8221;{}&#8221;]<\/p>\n<p>Toplumu zenginle\u015ftirme giri\u015fimleri ve faaliyetleri, fark\u0131ndal\u0131\u011f\u0131 art\u0131ran savunuculu\u011fu te\u015fvik ederek ve yerel seslerin duyulmas\u0131n\u0131 sa\u011flayarak sosyal d\u00f6n\u00fc\u015f\u00fcm\u00fc te\u015fvik edebilir. H\u00fck\u00fcmetler a\u00e7\u0131s\u0131ndan, kamu politikalar\u0131n\u0131 ve projelerini uygulamak i\u00e7in finansman veya siyasi g\u00fcce sahip h\u00fck\u00fcmet payda\u015flar\u0131n\u0131 etkilemeye hizmet edebilece\u011fi i\u00e7in toplum kat\u0131l\u0131m\u0131 hayati \u00f6nem ta\u015f\u0131maktad\u0131r.  <\/p>\n<p>[\/et_pb_text][\/et_pb_column][\/et_pb_row][\/et_pb_section][et_pb_section fb_built=&#8221;1&#8243; _builder_version=&#8221;4.21.0&#8243; _module_preset=&#8221;default&#8221; background_enable_color=&#8221;off&#8221; custom_padding=&#8221;100px||100px||false|false&#8221; locked=&#8221;off&#8221; global_colors_info=&#8221;{}&#8221;][et_pb_row column_structure=&#8221;3_5,2_5&#8243; _builder_version=&#8221;4.21.0&#8243; _module_preset=&#8221;default&#8221; global_colors_info=&#8221;{}&#8221;][et_pb_column type=&#8221;3_5&#8243; _builder_version=&#8221;4.21.0&#8243; _module_preset=&#8221;default&#8221; global_colors_info=&#8221;{}&#8221;][et_pb_text module_id=&#8221;coldwatertherapy&#8221; _builder_version=&#8221;4.26.0&#8243; _module_preset=&#8221;default&#8221; header_text_color=&#8221;#162340&#8243; header_2_text_color=&#8221;#162340&#8243; global_colors_info=&#8221;{}&#8221;]<\/p>\n<h2>Toplumu Zenginle\u015ftirmenin Bir Par\u00e7as\u0131 Olarak Anlaml\u0131 Payda\u015flarla Etkile\u015fim Kurmak Neden Bu Kadar \u00d6nemli?<\/h2>\n<p>[\/et_pb_text][et_pb_text _builder_version=&#8221;4.21.0&#8243; _module_preset=&#8221;default&#8221; text_text_color=&#8221;#162340&#8243; global_colors_info=&#8221;{}&#8221;]<\/p>\n<p>Kurulu\u015flar\u0131n bir toplumun ihtiya\u00e7lar\u0131n\u0131 ve \u00f6nceliklerini anlayabilmesi i\u00e7in, planlanan bir toplum zenginle\u015ftirme program\u0131n\u0131n etkinli\u011fini sa\u011flamak \u00fczere payda\u015flarla anlaml\u0131 bir \u015fekilde etkile\u015fim kurmas\u0131 gerekir. De\u011ferli analizler elde etmek i\u00e7in yerel liderler, topluluk \u00fcyeleri, devlet kurumlar\u0131 ve k\u00e2r amac\u0131 g\u00fctmeyen kurulu\u015flar gibi \u00e7e\u015fitli payda\u015flardan geri bildirim al\u0131nmal\u0131d\u0131r. Topluluk forumlar\u0131, odak gruplar\u0131 ve anketler, \u00e7e\u015fitli bak\u0131\u015f a\u00e7\u0131lar\u0131n\u0131 bir araya getirmek ve toplumu zenginle\u015ftirme faaliyetlerinin toplumun istekleriyle uyumlu olmas\u0131n\u0131 sa\u011flamak i\u00e7in iyi ara\u00e7lar olabilir.  <\/p>\n<p>[\/et_pb_text][et_pb_button button_text=&#8221;Blog&#8221; _builder_version=&#8221;4.26.0&#8243; _module_preset=&#8221;default&#8221; global_colors_info=&#8221;{}&#8221;][\/et_pb_button][\/et_pb_column][et_pb_column type=&#8221;2_5&#8243; _builder_version=&#8221;4.21.0&#8243; _module_preset=&#8221;default&#8221; global_colors_info=&#8221;{}&#8221;][et_pb_image src=&#8221;https:\/\/www.yaacovafik.com\/wp-content\/uploads\/2024\/07\/Yaacov-Afik-Community-Forum.jpg&#8221; alt=&#8221;Yaacov Afik&#8221; _builder_version=&#8221;4.26.0&#8243; _module_preset=&#8221;default&#8221; global_colors_info=&#8221;{}&#8221;][\/et_pb_image][\/et_pb_column][\/et_pb_row][\/et_pb_section]<\/p>\n","protected":false},"excerpt":{"rendered":"<p>Toplumsal Zenginle\u015fmeToplumsal Zenginle\u015fme Nedir?Toplumsal zenginle\u015ftirme, kurulu\u015flar\u0131n yerel toplumlara yard\u0131m etmeleri i\u00e7in basit ve etkili bir yoldur. Hay\u0131rsever ba\u011f\u0131\u015flar yapmak ve karbon ayak izlerini azaltmak i\u00e7in ad\u0131mlar atmak gibi di\u011fer faaliyetleri de i\u00e7eren \u00f6nemli bir unsurdur. Pek \u00e7ok \u015firket kendi de\u011ferleri, vizyonlar\u0131 veya ana faaliyet alanlar\u0131yla uyumlu toplum zenginle\u015ftirme faaliyetlerini veya giri\u015fimlerini se\u00e7mekte, toplum projelerini \u00fcstlenmek [&hellip;]<\/p>\n","protected":false},"author":1,"featured_media":0,"parent":0,"menu_order":0,"comment_status":"closed","ping_status":"closed","template":"","meta":{"_et_pb_use_builder":"on","_et_pb_old_content":"","_et_gb_content_width":"","footnotes":""},"class_list":["post-96","page","type-page","status-publish","hentry"],"yoast_head":"<!-- This site is optimized with the Yoast SEO plugin v23.2 - https:\/\/yoast.com\/wordpress\/plugins\/seo\/ -->\n<title>Toplumsal Zenginle\u015fme - Yaacov Afik<\/title>\n<meta name=\"robots\" content=\"index, follow, max-snippet:-1, max-image-preview:large, max-video-preview:-1\" \/>\n<link rel=\"canonical\" href=\"https:\/\/www.yaacovafik.com\/faq\/\" \/>\n<meta property=\"og:locale\" content=\"tr_TR\" \/>\n<meta property=\"og:type\" content=\"article\" \/>\n<meta property=\"og:title\" content=\"Toplumsal Zenginle\u015fme - Yaacov Afik\" \/>\n<meta property=\"og:description\" content=\"Toplumsal Zenginle\u015fmeToplumsal Zenginle\u015fme Nedir?Toplumsal zenginle\u015ftirme, kurulu\u015flar\u0131n yerel toplumlara yard\u0131m etmeleri i\u00e7in basit ve etkili bir yoldur. Hay\u0131rsever ba\u011f\u0131\u015flar yapmak ve karbon ayak izlerini azaltmak i\u00e7in ad\u0131mlar atmak gibi di\u011fer faaliyetleri de i\u00e7eren \u00f6nemli bir unsurdur. Pek \u00e7ok \u015firket kendi de\u011ferleri, vizyonlar\u0131 veya ana faaliyet alanlar\u0131yla uyumlu toplum zenginle\u015ftirme faaliyetlerini veya giri\u015fimlerini se\u00e7mekte, toplum projelerini \u00fcstlenmek [&hellip;]\" \/>\n<meta property=\"og:url\" content=\"https:\/\/www.yaacovafik.com\/faq\/\" \/>\n<meta property=\"og:site_name\" content=\"Yaacov Afik\" \/>\n<meta property=\"article:modified_time\" content=\"2024-07-09T09:52:28+00:00\" \/>\n<meta name=\"twitter:card\" content=\"summary_large_image\" \/>\n<meta name=\"twitter:label1\" content=\"Tahmini okuma s\u00fcresi\" \/>\n\t<meta name=\"twitter:data1\" content=\"6 dakika\" \/>\n<script type=\"application\/ld+json\" class=\"yoast-schema-graph\">{\"@context\":\"https:\/\/schema.org\",\"@graph\":[{\"@type\":\"WebPage\",\"@id\":\"https:\/\/www.yaacovafik.com\/faq\/\",\"url\":\"https:\/\/www.yaacovafik.com\/faq\/\",\"name\":\"Toplumsal Zenginle\u015fme - Yaacov Afik\",\"isPartOf\":{\"@id\":\"https:\/\/www.yaacovafik.com\/#website\"},\"datePublished\":\"2024-07-08T13:55:47+00:00\",\"dateModified\":\"2024-07-09T09:52:28+00:00\",\"breadcrumb\":{\"@id\":\"https:\/\/www.yaacovafik.com\/faq\/#breadcrumb\"},\"inLanguage\":\"tr\",\"potentialAction\":[{\"@type\":\"ReadAction\",\"target\":[\"https:\/\/www.yaacovafik.com\/faq\/\"]}]},{\"@type\":\"BreadcrumbList\",\"@id\":\"https:\/\/www.yaacovafik.com\/faq\/#breadcrumb\",\"itemListElement\":[{\"@type\":\"ListItem\",\"position\":1,\"name\":\"Home\",\"item\":\"https:\/\/www.yaacovafik.com\/\"},{\"@type\":\"ListItem\",\"position\":2,\"name\":\"Toplumsal Zenginle\u015fme\"}]},{\"@type\":\"WebSite\",\"@id\":\"https:\/\/www.yaacovafik.com\/#website\",\"url\":\"https:\/\/www.yaacovafik.com\/\",\"name\":\"Yaacov Afik\",\"description\":\"This is the blog of Yaacov Afik\",\"potentialAction\":[{\"@type\":\"SearchAction\",\"target\":{\"@type\":\"EntryPoint\",\"urlTemplate\":\"https:\/\/www.yaacovafik.com\/?s={search_term_string}\"},\"query-input\":\"required name=search_term_string\"}],\"inLanguage\":\"tr\"}]}<\/script>\n<!-- \/ Yoast SEO plugin. -->","yoast_head_json":{"title":"Toplumsal Zenginle\u015fme - Yaacov Afik","robots":{"index":"index","follow":"follow","max-snippet":"max-snippet:-1","max-image-preview":"max-image-preview:large","max-video-preview":"max-video-preview:-1"},"canonical":"https:\/\/www.yaacovafik.com\/faq\/","og_locale":"tr_TR","og_type":"article","og_title":"Toplumsal Zenginle\u015fme - Yaacov Afik","og_description":"Toplumsal Zenginle\u015fmeToplumsal Zenginle\u015fme Nedir?Toplumsal zenginle\u015ftirme, kurulu\u015flar\u0131n yerel toplumlara yard\u0131m etmeleri i\u00e7in basit ve etkili bir yoldur. Hay\u0131rsever ba\u011f\u0131\u015flar yapmak ve karbon ayak izlerini azaltmak i\u00e7in ad\u0131mlar atmak gibi di\u011fer faaliyetleri de i\u00e7eren \u00f6nemli bir unsurdur. Pek \u00e7ok \u015firket kendi de\u011ferleri, vizyonlar\u0131 veya ana faaliyet alanlar\u0131yla uyumlu toplum zenginle\u015ftirme faaliyetlerini veya giri\u015fimlerini se\u00e7mekte, toplum projelerini \u00fcstlenmek [&hellip;]","og_url":"https:\/\/www.yaacovafik.com\/faq\/","og_site_name":"Yaacov Afik","article_modified_time":"2024-07-09T09:52:28+00:00","twitter_card":"summary_large_image","twitter_misc":{"Tahmini okuma s\u00fcresi":"6 dakika"},"schema":{"@context":"https:\/\/schema.org","@graph":[{"@type":"WebPage","@id":"https:\/\/www.yaacovafik.com\/faq\/","url":"https:\/\/www.yaacovafik.com\/faq\/","name":"Toplumsal Zenginle\u015fme - Yaacov Afik","isPartOf":{"@id":"https:\/\/www.yaacovafik.com\/#website"},"datePublished":"2024-07-08T13:55:47+00:00","dateModified":"2024-07-09T09:52:28+00:00","breadcrumb":{"@id":"https:\/\/www.yaacovafik.com\/faq\/#breadcrumb"},"inLanguage":"tr","potentialAction":[{"@type":"ReadAction","target":["https:\/\/www.yaacovafik.com\/faq\/"]}]},{"@type":"BreadcrumbList","@id":"https:\/\/www.yaacovafik.com\/faq\/#breadcrumb","itemListElement":[{"@type":"ListItem","position":1,"name":"Home","item":"https:\/\/www.yaacovafik.com\/"},{"@type":"ListItem","position":2,"name":"Toplumsal Zenginle\u015fme"}]},{"@type":"WebSite","@id":"https:\/\/www.yaacovafik.com\/#website","url":"https:\/\/www.yaacovafik.com\/","name":"Yaacov Afik","description":"This is the blog of Yaacov Afik","potentialAction":[{"@type":"SearchAction","target":{"@type":"EntryPoint","urlTemplate":"https:\/\/www.yaacovafik.com\/?s={search_term_string}"},"query-input":"required name=search_term_string"}],"inLanguage":"tr"}]}},"_links":{"self":[{"href":"https:\/\/www.yaacovafik.com\/tr\/wp-json\/wp\/v2\/pages\/96","targetHints":{"allow":["GET"]}}],"collection":[{"href":"https:\/\/www.yaacovafik.com\/tr\/wp-json\/wp\/v2\/pages"}],"about":[{"href":"https:\/\/www.yaacovafik.com\/tr\/wp-json\/wp\/v2\/types\/page"}],"author":[{"embeddable":true,"href":"https:\/\/www.yaacovafik.com\/tr\/wp-json\/wp\/v2\/users\/1"}],"replies":[{"embeddable":true,"href":"https:\/\/www.yaacovafik.com\/tr\/wp-json\/wp\/v2\/comments?post=96"}],"version-history":[{"count":1,"href":"https:\/\/www.yaacovafik.com\/tr\/wp-json\/wp\/v2\/pages\/96\/revisions"}],"predecessor-version":[{"id":152,"href":"https:\/\/www.yaacovafik.com\/tr\/wp-json\/wp\/v2\/pages\/96\/revisions\/152"}],"wp:attachment":[{"href":"https:\/\/www.yaacovafik.com\/tr\/wp-json\/wp\/v2\/media?parent=96"}],"curies":[{"name":"wp","href":"https:\/\/api.w.org\/{rel}","templated":true}]}}